{"id":490,"date":"2019-12-18T11:17:10","date_gmt":"2019-12-18T10:17:10","guid":{"rendered":"http:\/\/www.jeandavidreibel.com\/?page_id=490"},"modified":"2023-07-17T18:17:11","modified_gmt":"2023-07-17T17:17:11","slug":"kwan-academy","status":"publish","type":"page","link":"http:\/\/www.jeandavidreibel.com\/index.php\/portfolio\/kwan-academy\/","title":{"rendered":"Kwan Academy"},"content":{"rendered":"<div class=\"fusion-fullwidth fullwidth-box fusion-builder-row-1 nonhundred-percent-fullwidth non-hundred-percent-height-scrolling\"  style='background-color: rgba(255,255,255,0);background-position: center center;background-repeat: no-repeat;padding-top:0px;padding-right:0px;padding-bottom:0px;padding-left:0px;'><div class=\"fusion-builder-row fusion-row \"><div  class=\"fusion-layout-column fusion_builder_column fusion_builder_column_1_1 fusion-builder-column-1 fusion-one-full fusion-column-first fusion-column-last 1_1\"  style='margin-top:0px;margin-bottom:20px;'>\n\t\t\t\t\t<div class=\"fusion-column-wrapper\" style=\"padding: 0px 0px 0px 0px;background-position:left top;background-repeat:no-repeat;-webkit-background-size:cover;-moz-background-size:cover;-o-background-size:cover;background-size:cover;\"   data-bg-url=\"\">\n\t\t\t\t\t\t<style type=\"text\/css\"><\/style><div class=\"fusion-title title fusion-title-1 fusion-title-center fusion-title-text fusion-title-size-one\" style=\"margin-top:0px;margin-bottom:31px;\"><div class=\"title-sep-container title-sep-container-left\"><div class=\"title-sep sep-single sep-solid\" style=\"border-color:#333333;\"><\/div><\/div><h1 class=\"title-heading-center\" style=\"margin:0;\">Kwan Academy<\/h1><div class=\"title-sep-container title-sep-container-right\"><div class=\"title-sep sep-single sep-solid\" style=\"border-color:#333333;\"><\/div><\/div><\/div><style type=\"text\/css\"><\/style><div class=\"fusion-title title fusion-title-2 fusion-sep-none fusion-title-text fusion-title-size-three\" style=\"margin-top:0px;margin-bottom:31px;\"><h3 class=\"title-heading-left\" style=\"margin:0;\">\u00c9dition Num\u00e9rique<\/h3><\/div><div class=\"fusion-text\"><p>Pr\u00e9parer les plus jeunes au challenges num\u00e9riques de demain, c\u2019est l\u2019objectif de Kwan Academy. Des Summers Camps pour d\u00e9couvrir les nouvelles technologies et les m\u00e9tiers de demain de fa\u00e7on ludique et agr\u00e9able. Cette brochure num\u00e9rique disponible sur le site de Kwan Academy pr\u00e9sente les valeurs port\u00e9es par le projet et les Summers Camps disponibles.<\/p>\n<p><em><strong><a href=\"http:\/\/www.jeandavidreibel.com\/index.php\/portfolio\/512-2\/\">D\u00e9couvrir la Direction Artistique de Kwan Academy.<\/a><\/strong><\/em><\/p>\n<\/div><span class=\"fusion-imageframe imageframe-none imageframe-1 hover-type-none\"><img loading=\"lazy\" decoding=\"async\" src=\"http:\/\/www.jeandavidreibel.com\/wp-content\/uploads\/2020\/02\/Kwan-mock-up_Plan-de-travail-1-scaled.jpg\" width=\"2560\" height=\"1440\" alt=\"\" title=\"Catalogue-Kwan-1\" class=\"img-responsive wp-image-728\" srcset=\"http:\/\/www.jeandavidreibel.com\/wp-content\/uploads\/2020\/02\/Kwan-mock-up_Plan-de-travail-1-200x113.jpg 200w, http:\/\/www.jeandavidreibel.com\/wp-content\/uploads\/2020\/02\/Kwan-mock-up_Plan-de-travail-1-400x225.jpg 400w, http:\/\/www.jeandavidreibel.com\/wp-content\/uploads\/2020\/02\/Kwan-mock-up_Plan-de-travail-1-600x338.jpg 600w, http:\/\/www.jeandavidreibel.com\/wp-content\/uploads\/2020\/02\/Kwan-mock-up_Plan-de-travail-1-800x450.jpg 800w, http:\/\/www.jeandavidreibel.com\/wp-content\/uploads\/2020\/02\/Kwan-mock-up_Plan-de-travail-1-1200x675.jpg 1200w, http:\/\/www.jeandavidreibel.com\/wp-content\/uploads\/2020\/02\/Kwan-mock-up_Plan-de-travail-1-scaled.jpg 2560w\" sizes=\"(max-width: 800px) 100vw, 1200px\" \/><\/span><span class=\"fusion-imageframe imageframe-none imageframe-2 hover-type-none\"><img loading=\"lazy\" decoding=\"async\" src=\"http:\/\/www.jeandavidreibel.com\/wp-content\/uploads\/2020\/02\/Kwan-mock-up_Plan-de-travail-1-copie-scaled.jpg\" width=\"2560\" height=\"1440\" alt=\"\" title=\"Catalogue-Kwan-2\" class=\"img-responsive wp-image-727\" srcset=\"http:\/\/www.jeandavidreibel.com\/wp-content\/uploads\/2020\/02\/Kwan-mock-up_Plan-de-travail-1-copie-200x113.jpg 200w, http:\/\/www.jeandavidreibel.com\/wp-content\/uploads\/2020\/02\/Kwan-mock-up_Plan-de-travail-1-copie-400x225.jpg 400w, http:\/\/www.jeandavidreibel.com\/wp-content\/uploads\/2020\/02\/Kwan-mock-up_Plan-de-travail-1-copie-600x338.jpg 600w, http:\/\/www.jeandavidreibel.com\/wp-content\/uploads\/2020\/02\/Kwan-mock-up_Plan-de-travail-1-copie-800x450.jpg 800w, http:\/\/www.jeandavidreibel.com\/wp-content\/uploads\/2020\/02\/Kwan-mock-up_Plan-de-travail-1-copie-1200x675.jpg 1200w, http:\/\/www.jeandavidreibel.com\/wp-content\/uploads\/2020\/02\/Kwan-mock-up_Plan-de-travail-1-copie-scaled.jpg 2560w\" sizes=\"(max-width: 800px) 100vw, 1200px\" \/><\/span><span class=\"fusion-imageframe imageframe-none imageframe-3 hover-type-none\"><img loading=\"lazy\" decoding=\"async\" src=\"http:\/\/www.jeandavidreibel.com\/wp-content\/uploads\/2020\/02\/Kwan-mock-up_Plan-de-travail-1-copie-2-scaled.jpg\" width=\"2560\" height=\"1440\" alt=\"\" title=\"Catalogue-Kwan-3\" class=\"img-responsive wp-image-726\" srcset=\"http:\/\/www.jeandavidreibel.com\/wp-content\/uploads\/2020\/02\/Kwan-mock-up_Plan-de-travail-1-copie-2-200x113.jpg 200w, http:\/\/www.jeandavidreibel.com\/wp-content\/uploads\/2020\/02\/Kwan-mock-up_Plan-de-travail-1-copie-2-400x225.jpg 400w, http:\/\/www.jeandavidreibel.com\/wp-content\/uploads\/2020\/02\/Kwan-mock-up_Plan-de-travail-1-copie-2-600x338.jpg 600w, http:\/\/www.jeandavidreibel.com\/wp-content\/uploads\/2020\/02\/Kwan-mock-up_Plan-de-travail-1-copie-2-800x450.jpg 800w, http:\/\/www.jeandavidreibel.com\/wp-content\/uploads\/2020\/02\/Kwan-mock-up_Plan-de-travail-1-copie-2-1200x675.jpg 1200w, http:\/\/www.jeandavidreibel.com\/wp-content\/uploads\/2020\/02\/Kwan-mock-up_Plan-de-travail-1-copie-2-scaled.jpg 2560w\" sizes=\"(max-width: 800px) 100vw, 1200px\" \/><\/span><div class=\"fusion-clearfix\"><\/div>\n\n\t\t\t\t\t<\/div>\n\t\t\t\t<\/div><\/div><\/div>\n","protected":false},"excerpt":{"rendered":"","protected":false},"author":1,"featured_media":0,"parent":405,"menu_order":0,"comment_status":"closed","ping_status":"closed","template":"","meta":{"footnotes":""},"_links":{"self":[{"href":"http:\/\/www.jeandavidreibel.com\/index.php\/wp-json\/wp\/v2\/pages\/490"}],"collection":[{"href":"http:\/\/www.jeandavidreibel.com\/index.php\/wp-json\/wp\/v2\/pages"}],"about":[{"href":"http:\/\/www.jeandavidreibel.com\/index.php\/wp-json\/wp\/v2\/types\/page"}],"author":[{"embeddable":true,"href":"http:\/\/www.jeandavidreibel.com\/index.php\/wp-json\/wp\/v2\/users\/1"}],"replies":[{"embeddable":true,"href":"http:\/\/www.jeandavidreibel.com\/index.php\/wp-json\/wp\/v2\/comments?post=490"}],"version-history":[{"count":7,"href":"http:\/\/www.jeandavidreibel.com\/index.php\/wp-json\/wp\/v2\/pages\/490\/revisions"}],"predecessor-version":[{"id":971,"href":"http:\/\/www.jeandavidreibel.com\/index.php\/wp-json\/wp\/v2\/pages\/490\/revisions\/971"}],"up":[{"embeddable":true,"href":"http:\/\/www.jeandavidreibel.com\/index.php\/wp-json\/wp\/v2\/pages\/405"}],"wp:attachment":[{"href":"http:\/\/www.jeandavidreibel.com\/index.php\/wp-json\/wp\/v2\/media?parent=490"}],"curies":[{"name":"wp","href":"https:\/\/api.w.org\/{rel}","templated":true}]}}