{"id":502,"date":"2019-12-18T12:15:01","date_gmt":"2019-12-18T11:15:01","guid":{"rendered":"http:\/\/www.jeandavidreibel.com\/?page_id=502"},"modified":"2023-07-17T18:18:02","modified_gmt":"2023-07-17T17:18:02","slug":"setkeeper","status":"publish","type":"page","link":"http:\/\/www.jeandavidreibel.com\/index.php\/portfolio\/setkeeper\/","title":{"rendered":"Setkeeper"},"content":{"rendered":"<div class=\"fusion-fullwidth fullwidth-box fusion-builder-row-1 nonhundred-percent-fullwidth non-hundred-percent-height-scrolling\"  style='background-color: rgba(255,255,255,0);background-position: center center;background-repeat: no-repeat;padding-top:0px;padding-right:0px;padding-bottom:0px;padding-left:0px;'><div class=\"fusion-builder-row fusion-row \"><div  class=\"fusion-layout-column fusion_builder_column fusion_builder_column_1_1 fusion-builder-column-1 fusion-one-full fusion-column-first fusion-column-last 1_1\"  style='margin-top:0px;margin-bottom:20px;'>\n\t\t\t\t\t<div class=\"fusion-column-wrapper\" style=\"padding: 0px 0px 0px 0px;background-position:left top;background-repeat:no-repeat;-webkit-background-size:cover;-moz-background-size:cover;-o-background-size:cover;background-size:cover;\"   data-bg-url=\"\">\n\t\t\t\t\t\t<style type=\"text\/css\"><\/style><div class=\"fusion-title title fusion-title-1 fusion-title-center fusion-title-text fusion-title-size-one\" style=\"margin-top:0px;margin-bottom:31px;\"><div class=\"title-sep-container title-sep-container-left\"><div class=\"title-sep sep-single sep-solid\" style=\"border-color:#333333;\"><\/div><\/div><h1 class=\"title-heading-center\" style=\"margin:0;\">Setkeeper<\/h1><div class=\"title-sep-container title-sep-container-right\"><div class=\"title-sep sep-single sep-solid\" style=\"border-color:#333333;\"><\/div><\/div><\/div><style type=\"text\/css\"><\/style><div class=\"fusion-title title fusion-title-2 fusion-sep-none fusion-title-text fusion-title-size-three\" style=\"margin-top:0px;margin-bottom:31px;\"><h3 class=\"title-heading-left\" style=\"margin:0;\">UI Design<\/h3><\/div><div class=\"fusion-text\"><p>Setkeeper est une application d\u00e9di\u00e9s aux professionnels du cin\u00e9ma et du petit \u00e9cran de la pr\u00e9-production \u00e0 la poste production optimisant les interactions entres les membres des \u00e9quipes de tournage. J\u2019ai eu l\u2019opportunit\u00e9 de re-designer l\u2019interface utilisateur de cet outil au cours de sa refonte et lors de l\u2019ajout de nouvelles fonctionnalit\u00e9s.<\/p>\n<p>R\u00e9alis\u00e9 au sein de Setkeeper.<\/p>\n<\/div><span class=\"fusion-imageframe imageframe-none imageframe-1 hover-type-none\"><img loading=\"lazy\" decoding=\"async\" src=\"http:\/\/www.jeandavidreibel.com\/wp-content\/uploads\/2020\/02\/Sans-titre-1_Plan-de-travail-1-scaled.jpg\" width=\"2560\" height=\"1706\" alt=\"\" title=\"Setkeeper1\" class=\"img-responsive wp-image-734\" srcset=\"http:\/\/www.jeandavidreibel.com\/wp-content\/uploads\/2020\/02\/Sans-titre-1_Plan-de-travail-1-200x133.jpg 200w, http:\/\/www.jeandavidreibel.com\/wp-content\/uploads\/2020\/02\/Sans-titre-1_Plan-de-travail-1-400x267.jpg 400w, http:\/\/www.jeandavidreibel.com\/wp-content\/uploads\/2020\/02\/Sans-titre-1_Plan-de-travail-1-600x400.jpg 600w, http:\/\/www.jeandavidreibel.com\/wp-content\/uploads\/2020\/02\/Sans-titre-1_Plan-de-travail-1-800x533.jpg 800w, http:\/\/www.jeandavidreibel.com\/wp-content\/uploads\/2020\/02\/Sans-titre-1_Plan-de-travail-1-1200x800.jpg 1200w, http:\/\/www.jeandavidreibel.com\/wp-content\/uploads\/2020\/02\/Sans-titre-1_Plan-de-travail-1-scaled.jpg 2560w\" sizes=\"(max-width: 800px) 100vw, 1200px\" \/><\/span><span class=\"fusion-imageframe imageframe-none imageframe-2 hover-type-none\"><img loading=\"lazy\" decoding=\"async\" src=\"http:\/\/www.jeandavidreibel.com\/wp-content\/uploads\/2020\/02\/Sans-titre-1_Plan-de-travail-1-copie-scaled.jpg\" width=\"2560\" height=\"1706\" alt=\"\" title=\"Setkeeper2\" class=\"img-responsive wp-image-733\" srcset=\"http:\/\/www.jeandavidreibel.com\/wp-content\/uploads\/2020\/02\/Sans-titre-1_Plan-de-travail-1-copie-200x133.jpg 200w, http:\/\/www.jeandavidreibel.com\/wp-content\/uploads\/2020\/02\/Sans-titre-1_Plan-de-travail-1-copie-400x267.jpg 400w, http:\/\/www.jeandavidreibel.com\/wp-content\/uploads\/2020\/02\/Sans-titre-1_Plan-de-travail-1-copie-600x400.jpg 600w, http:\/\/www.jeandavidreibel.com\/wp-content\/uploads\/2020\/02\/Sans-titre-1_Plan-de-travail-1-copie-800x533.jpg 800w, http:\/\/www.jeandavidreibel.com\/wp-content\/uploads\/2020\/02\/Sans-titre-1_Plan-de-travail-1-copie-1200x800.jpg 1200w, http:\/\/www.jeandavidreibel.com\/wp-content\/uploads\/2020\/02\/Sans-titre-1_Plan-de-travail-1-copie-scaled.jpg 2560w\" sizes=\"(max-width: 800px) 100vw, 1200px\" \/><\/span><span class=\"fusion-imageframe imageframe-none imageframe-3 hover-type-none\"><img loading=\"lazy\" decoding=\"async\" src=\"http:\/\/www.jeandavidreibel.com\/wp-content\/uploads\/2020\/02\/Sans-titre-1_Plan-de-travail-1-copie-2-scaled.jpg\" width=\"2560\" height=\"1706\" alt=\"\" title=\"Setkeeper3\" class=\"img-responsive wp-image-732\" srcset=\"http:\/\/www.jeandavidreibel.com\/wp-content\/uploads\/2020\/02\/Sans-titre-1_Plan-de-travail-1-copie-2-200x133.jpg 200w, http:\/\/www.jeandavidreibel.com\/wp-content\/uploads\/2020\/02\/Sans-titre-1_Plan-de-travail-1-copie-2-400x267.jpg 400w, http:\/\/www.jeandavidreibel.com\/wp-content\/uploads\/2020\/02\/Sans-titre-1_Plan-de-travail-1-copie-2-600x400.jpg 600w, http:\/\/www.jeandavidreibel.com\/wp-content\/uploads\/2020\/02\/Sans-titre-1_Plan-de-travail-1-copie-2-800x533.jpg 800w, http:\/\/www.jeandavidreibel.com\/wp-content\/uploads\/2020\/02\/Sans-titre-1_Plan-de-travail-1-copie-2-1200x800.jpg 1200w, http:\/\/www.jeandavidreibel.com\/wp-content\/uploads\/2020\/02\/Sans-titre-1_Plan-de-travail-1-copie-2-scaled.jpg 2560w\" sizes=\"(max-width: 800px) 100vw, 1200px\" \/><\/span><span class=\"fusion-imageframe imageframe-none imageframe-4 hover-type-none\"><img loading=\"lazy\" decoding=\"async\" src=\"http:\/\/www.jeandavidreibel.com\/wp-content\/uploads\/2020\/02\/Setkeeper-visuels_Plan-de-travail-1-copie-3-scaled.jpg\" width=\"2560\" height=\"1707\" alt=\"\" title=\"Setkeeper4\" class=\"img-responsive wp-image-736\" srcset=\"http:\/\/www.jeandavidreibel.com\/wp-content\/uploads\/2020\/02\/Setkeeper-visuels_Plan-de-travail-1-copie-3-200x133.jpg 200w, http:\/\/www.jeandavidreibel.com\/wp-content\/uploads\/2020\/02\/Setkeeper-visuels_Plan-de-travail-1-copie-3-400x267.jpg 400w, http:\/\/www.jeandavidreibel.com\/wp-content\/uploads\/2020\/02\/Setkeeper-visuels_Plan-de-travail-1-copie-3-600x400.jpg 600w, http:\/\/www.jeandavidreibel.com\/wp-content\/uploads\/2020\/02\/Setkeeper-visuels_Plan-de-travail-1-copie-3-800x533.jpg 800w, http:\/\/www.jeandavidreibel.com\/wp-content\/uploads\/2020\/02\/Setkeeper-visuels_Plan-de-travail-1-copie-3-1200x800.jpg 1200w, http:\/\/www.jeandavidreibel.com\/wp-content\/uploads\/2020\/02\/Setkeeper-visuels_Plan-de-travail-1-copie-3-scaled.jpg 2560w\" sizes=\"(max-width: 800px) 100vw, 1200px\" \/><\/span><span class=\"fusion-imageframe imageframe-none imageframe-5 hover-type-none\"><img loading=\"lazy\" decoding=\"async\" src=\"http:\/\/www.jeandavidreibel.com\/wp-content\/uploads\/2020\/02\/Setkeeper-visuels_Plan-de-travail-1-copie-4-scaled.jpg\" width=\"2560\" height=\"1706\" alt=\"\" title=\"Setkeper5\" class=\"img-responsive wp-image-737\" srcset=\"http:\/\/www.jeandavidreibel.com\/wp-content\/uploads\/2020\/02\/Setkeeper-visuels_Plan-de-travail-1-copie-4-200x133.jpg 200w, http:\/\/www.jeandavidreibel.com\/wp-content\/uploads\/2020\/02\/Setkeeper-visuels_Plan-de-travail-1-copie-4-400x267.jpg 400w, http:\/\/www.jeandavidreibel.com\/wp-content\/uploads\/2020\/02\/Setkeeper-visuels_Plan-de-travail-1-copie-4-600x400.jpg 600w, http:\/\/www.jeandavidreibel.com\/wp-content\/uploads\/2020\/02\/Setkeeper-visuels_Plan-de-travail-1-copie-4-800x533.jpg 800w, http:\/\/www.jeandavidreibel.com\/wp-content\/uploads\/2020\/02\/Setkeeper-visuels_Plan-de-travail-1-copie-4-1200x800.jpg 1200w, http:\/\/www.jeandavidreibel.com\/wp-content\/uploads\/2020\/02\/Setkeeper-visuels_Plan-de-travail-1-copie-4-scaled.jpg 2560w\" sizes=\"(max-width: 800px) 100vw, 1200px\" \/><\/span><span class=\"fusion-imageframe imageframe-none imageframe-6 hover-type-none\"><img loading=\"lazy\" decoding=\"async\" src=\"http:\/\/www.jeandavidreibel.com\/wp-content\/uploads\/2020\/02\/Setkeeper-visuels_Plan-de-travail-1-copie-5-scaled.jpg\" width=\"2560\" height=\"1708\" alt=\"\" title=\"Setkeeper6\" class=\"img-responsive wp-image-738\" srcset=\"http:\/\/www.jeandavidreibel.com\/wp-content\/uploads\/2020\/02\/Setkeeper-visuels_Plan-de-travail-1-copie-5-200x133.jpg 200w, http:\/\/www.jeandavidreibel.com\/wp-content\/uploads\/2020\/02\/Setkeeper-visuels_Plan-de-travail-1-copie-5-400x267.jpg 400w, http:\/\/www.jeandavidreibel.com\/wp-content\/uploads\/2020\/02\/Setkeeper-visuels_Plan-de-travail-1-copie-5-600x400.jpg 600w, http:\/\/www.jeandavidreibel.com\/wp-content\/uploads\/2020\/02\/Setkeeper-visuels_Plan-de-travail-1-copie-5-800x534.jpg 800w, http:\/\/www.jeandavidreibel.com\/wp-content\/uploads\/2020\/02\/Setkeeper-visuels_Plan-de-travail-1-copie-5-1200x800.jpg 1200w, http:\/\/www.jeandavidreibel.com\/wp-content\/uploads\/2020\/02\/Setkeeper-visuels_Plan-de-travail-1-copie-5-scaled.jpg 2560w\" sizes=\"(max-width: 800px) 100vw, 1200px\" \/><\/span><span class=\"fusion-imageframe imageframe-none imageframe-7 hover-type-none\"><img loading=\"lazy\" decoding=\"async\" src=\"http:\/\/www.jeandavidreibel.com\/wp-content\/uploads\/2020\/02\/Setkeeper-visuels_Plan-de-travail-1-copie-6-scaled.jpg\" width=\"2560\" height=\"1707\" alt=\"\" title=\"Setkeeper7\" class=\"img-responsive wp-image-739\" srcset=\"http:\/\/www.jeandavidreibel.com\/wp-content\/uploads\/2020\/02\/Setkeeper-visuels_Plan-de-travail-1-copie-6-200x133.jpg 200w, http:\/\/www.jeandavidreibel.com\/wp-content\/uploads\/2020\/02\/Setkeeper-visuels_Plan-de-travail-1-copie-6-400x267.jpg 400w, http:\/\/www.jeandavidreibel.com\/wp-content\/uploads\/2020\/02\/Setkeeper-visuels_Plan-de-travail-1-copie-6-600x400.jpg 600w, http:\/\/www.jeandavidreibel.com\/wp-content\/uploads\/2020\/02\/Setkeeper-visuels_Plan-de-travail-1-copie-6-800x533.jpg 800w, http:\/\/www.jeandavidreibel.com\/wp-content\/uploads\/2020\/02\/Setkeeper-visuels_Plan-de-travail-1-copie-6-1200x800.jpg 1200w, http:\/\/www.jeandavidreibel.com\/wp-content\/uploads\/2020\/02\/Setkeeper-visuels_Plan-de-travail-1-copie-6-scaled.jpg 2560w\" sizes=\"(max-width: 800px) 100vw, 1200px\" \/><\/span><div class=\"fusion-clearfix\"><\/div>\n\n\t\t\t\t\t<\/div>\n\t\t\t\t<\/div><\/div><\/div>\n","protected":false},"excerpt":{"rendered":"","protected":false},"author":1,"featured_media":0,"parent":405,"menu_order":0,"comment_status":"closed","ping_status":"closed","template":"","meta":{"footnotes":""},"_links":{"self":[{"href":"http:\/\/www.jeandavidreibel.com\/index.php\/wp-json\/wp\/v2\/pages\/502"}],"collection":[{"href":"http:\/\/www.jeandavidreibel.com\/index.php\/wp-json\/wp\/v2\/pages"}],"about":[{"href":"http:\/\/www.jeandavidreibel.com\/index.php\/wp-json\/wp\/v2\/types\/page"}],"author":[{"embeddable":true,"href":"http:\/\/www.jeandavidreibel.com\/index.php\/wp-json\/wp\/v2\/users\/1"}],"replies":[{"embeddable":true,"href":"http:\/\/www.jeandavidreibel.com\/index.php\/wp-json\/wp\/v2\/comments?post=502"}],"version-history":[{"count":5,"href":"http:\/\/www.jeandavidreibel.com\/index.php\/wp-json\/wp\/v2\/pages\/502\/revisions"}],"predecessor-version":[{"id":973,"href":"http:\/\/www.jeandavidreibel.com\/index.php\/wp-json\/wp\/v2\/pages\/502\/revisions\/973"}],"up":[{"embeddable":true,"href":"http:\/\/www.jeandavidreibel.com\/index.php\/wp-json\/wp\/v2\/pages\/405"}],"wp:attachment":[{"href":"http:\/\/www.jeandavidreibel.com\/index.php\/wp-json\/wp\/v2\/media?parent=502"}],"curies":[{"name":"wp","href":"https:\/\/api.w.org\/{rel}","templated":true}]}}