{"id":508,"date":"2019-12-18T16:39:39","date_gmt":"2019-12-18T15:39:39","guid":{"rendered":"http:\/\/www.jeandavidreibel.com\/?page_id=508"},"modified":"2023-07-17T18:20:28","modified_gmt":"2023-07-17T17:20:28","slug":"ooowhee","status":"publish","type":"page","link":"http:\/\/www.jeandavidreibel.com\/index.php\/portfolio\/ooowhee\/","title":{"rendered":"Ooowhee"},"content":{"rendered":"<div class=\"fusion-fullwidth fullwidth-box fusion-builder-row-1 nonhundred-percent-fullwidth non-hundred-percent-height-scrolling\"  style='background-color: rgba(255,255,255,0);background-position: center center;background-repeat: no-repeat;padding-top:0px;padding-right:0px;padding-bottom:0px;padding-left:0px;'><div class=\"fusion-builder-row fusion-row \"><div  class=\"fusion-layout-column fusion_builder_column fusion_builder_column_1_1 fusion-builder-column-1 fusion-one-full fusion-column-first fusion-column-last 1_1\"  style='margin-top:0px;margin-bottom:20px;'>\n\t\t\t\t\t<div class=\"fusion-column-wrapper\" style=\"padding: 0px 0px 0px 0px;background-position:left top;background-repeat:no-repeat;-webkit-background-size:cover;-moz-background-size:cover;-o-background-size:cover;background-size:cover;\"   data-bg-url=\"\">\n\t\t\t\t\t\t<style type=\"text\/css\"><\/style><div class=\"fusion-title title fusion-title-1 fusion-title-center fusion-title-text fusion-title-size-one\" style=\"margin-top:0px;margin-bottom:31px;\"><div class=\"title-sep-container title-sep-container-left\"><div class=\"title-sep sep-single sep-solid\" style=\"border-color:#333333;\"><\/div><\/div><h1 class=\"title-heading-center\" style=\"margin:0;\">Ooowhee<\/h1><div class=\"title-sep-container title-sep-container-right\"><div class=\"title-sep sep-single sep-solid\" style=\"border-color:#333333;\"><\/div><\/div><\/div><style type=\"text\/css\"><\/style><div class=\"fusion-title title fusion-title-2 fusion-sep-none fusion-title-text fusion-title-size-three\" style=\"margin-top:0px;margin-bottom:31px;\"><h3 class=\"title-heading-left\" style=\"margin:0;\">Direction Artistique &amp; Web Design<\/h3><\/div><div class=\"fusion-text\"><p>Ooohwee est un bot innovant op\u00e9rant sur la plate-forme Slack. Celui-ci permet d\u2019encadrer de fa\u00e7on simple et efficace le temps de travail consacr\u00e9 \u00e0 aux diff\u00e9rentes t\u00e2che d\u2019un projet. Ce bot n\u2019est pas pour autant un outil de contr\u00f4le oppressant pour les diff\u00e9rents membres de l\u2019\u00e9quipe. Il s\u2019agit plus d\u2019un partenaire num\u00e9rique accompagnant l\u2019\u00e9quipe tant dans l\u2019accomplissement de ses objectifs que dans son quotidien.<\/p>\n<p>Le bot devenant un membre de l\u2019\u00e9quipe \u00e0 part enti\u00e8re, sa personnification est au coeur de son identit\u00e9.<\/p>\n<\/div><span class=\"fusion-imageframe imageframe-none imageframe-1 hover-type-none\"><img loading=\"lazy\" decoding=\"async\" src=\"http:\/\/www.jeandavidreibel.com\/wp-content\/uploads\/2020\/02\/Ooohwee-visuels_Plan-de-travail-1-scaled.jpg\" width=\"2560\" height=\"1707\" alt=\"\" title=\"Ooohwee-visuels_1\" class=\"img-responsive wp-image-771\" srcset=\"http:\/\/www.jeandavidreibel.com\/wp-content\/uploads\/2020\/02\/Ooohwee-visuels_Plan-de-travail-1-200x133.jpg 200w, http:\/\/www.jeandavidreibel.com\/wp-content\/uploads\/2020\/02\/Ooohwee-visuels_Plan-de-travail-1-400x267.jpg 400w, http:\/\/www.jeandavidreibel.com\/wp-content\/uploads\/2020\/02\/Ooohwee-visuels_Plan-de-travail-1-600x400.jpg 600w, http:\/\/www.jeandavidreibel.com\/wp-content\/uploads\/2020\/02\/Ooohwee-visuels_Plan-de-travail-1-800x533.jpg 800w, http:\/\/www.jeandavidreibel.com\/wp-content\/uploads\/2020\/02\/Ooohwee-visuels_Plan-de-travail-1-1200x800.jpg 1200w, http:\/\/www.jeandavidreibel.com\/wp-content\/uploads\/2020\/02\/Ooohwee-visuels_Plan-de-travail-1-scaled.jpg 2560w\" sizes=\"(max-width: 800px) 100vw, 1200px\" \/><\/span><span class=\"fusion-imageframe imageframe-none imageframe-2 hover-type-none\"><img loading=\"lazy\" decoding=\"async\" src=\"http:\/\/www.jeandavidreibel.com\/wp-content\/uploads\/2020\/02\/Ooohwee-visuels_Plan-de-travail-1-copie-scaled.jpg\" width=\"2560\" height=\"1708\" alt=\"\" title=\"Ooohwee-visuels_2\" class=\"img-responsive wp-image-770\" srcset=\"http:\/\/www.jeandavidreibel.com\/wp-content\/uploads\/2020\/02\/Ooohwee-visuels_Plan-de-travail-1-copie-200x133.jpg 200w, http:\/\/www.jeandavidreibel.com\/wp-content\/uploads\/2020\/02\/Ooohwee-visuels_Plan-de-travail-1-copie-400x267.jpg 400w, http:\/\/www.jeandavidreibel.com\/wp-content\/uploads\/2020\/02\/Ooohwee-visuels_Plan-de-travail-1-copie-600x400.jpg 600w, http:\/\/www.jeandavidreibel.com\/wp-content\/uploads\/2020\/02\/Ooohwee-visuels_Plan-de-travail-1-copie-800x534.jpg 800w, http:\/\/www.jeandavidreibel.com\/wp-content\/uploads\/2020\/02\/Ooohwee-visuels_Plan-de-travail-1-copie-1200x800.jpg 1200w, http:\/\/www.jeandavidreibel.com\/wp-content\/uploads\/2020\/02\/Ooohwee-visuels_Plan-de-travail-1-copie-scaled.jpg 2560w\" sizes=\"(max-width: 800px) 100vw, 1200px\" \/><\/span><span class=\"fusion-imageframe imageframe-none imageframe-3 hover-type-none\"><img loading=\"lazy\" decoding=\"async\" src=\"http:\/\/www.jeandavidreibel.com\/wp-content\/uploads\/2020\/02\/Ooohwee-visuels_Plan-de-travail-1-copie-2-scaled.jpg\" width=\"2560\" height=\"1707\" alt=\"\" title=\"Ooohwee-visuels_3\" class=\"img-responsive wp-image-766\" srcset=\"http:\/\/www.jeandavidreibel.com\/wp-content\/uploads\/2020\/02\/Ooohwee-visuels_Plan-de-travail-1-copie-2-200x133.jpg 200w, http:\/\/www.jeandavidreibel.com\/wp-content\/uploads\/2020\/02\/Ooohwee-visuels_Plan-de-travail-1-copie-2-400x267.jpg 400w, http:\/\/www.jeandavidreibel.com\/wp-content\/uploads\/2020\/02\/Ooohwee-visuels_Plan-de-travail-1-copie-2-600x400.jpg 600w, http:\/\/www.jeandavidreibel.com\/wp-content\/uploads\/2020\/02\/Ooohwee-visuels_Plan-de-travail-1-copie-2-800x533.jpg 800w, http:\/\/www.jeandavidreibel.com\/wp-content\/uploads\/2020\/02\/Ooohwee-visuels_Plan-de-travail-1-copie-2-1200x800.jpg 1200w, http:\/\/www.jeandavidreibel.com\/wp-content\/uploads\/2020\/02\/Ooohwee-visuels_Plan-de-travail-1-copie-2-scaled.jpg 2560w\" sizes=\"(max-width: 800px) 100vw, 1200px\" \/><\/span><span class=\"fusion-imageframe imageframe-none imageframe-4 hover-type-none\"><img loading=\"lazy\" decoding=\"async\" src=\"http:\/\/www.jeandavidreibel.com\/wp-content\/uploads\/2020\/02\/Ooohwee-visuels_Plan-de-travail-1-copie-4-scaled.jpg\" width=\"2560\" height=\"1706\" alt=\"\" title=\"Ooohwee-visuels_4\" class=\"img-responsive wp-image-768\" srcset=\"http:\/\/www.jeandavidreibel.com\/wp-content\/uploads\/2020\/02\/Ooohwee-visuels_Plan-de-travail-1-copie-4-200x133.jpg 200w, http:\/\/www.jeandavidreibel.com\/wp-content\/uploads\/2020\/02\/Ooohwee-visuels_Plan-de-travail-1-copie-4-400x267.jpg 400w, http:\/\/www.jeandavidreibel.com\/wp-content\/uploads\/2020\/02\/Ooohwee-visuels_Plan-de-travail-1-copie-4-600x400.jpg 600w, http:\/\/www.jeandavidreibel.com\/wp-content\/uploads\/2020\/02\/Ooohwee-visuels_Plan-de-travail-1-copie-4-800x533.jpg 800w, http:\/\/www.jeandavidreibel.com\/wp-content\/uploads\/2020\/02\/Ooohwee-visuels_Plan-de-travail-1-copie-4-1200x800.jpg 1200w, http:\/\/www.jeandavidreibel.com\/wp-content\/uploads\/2020\/02\/Ooohwee-visuels_Plan-de-travail-1-copie-4-scaled.jpg 2560w\" sizes=\"(max-width: 800px) 100vw, 1200px\" \/><\/span><span class=\"fusion-imageframe imageframe-none imageframe-5 hover-type-none\"><img loading=\"lazy\" decoding=\"async\" src=\"http:\/\/www.jeandavidreibel.com\/wp-content\/uploads\/2020\/02\/Ooohwee-visuels_Plan-de-travail-1-copie-5-scaled.jpg\" width=\"2560\" height=\"1706\" alt=\"\" title=\"Ooohwee-visuels_5\" class=\"img-responsive wp-image-769\" srcset=\"http:\/\/www.jeandavidreibel.com\/wp-content\/uploads\/2020\/02\/Ooohwee-visuels_Plan-de-travail-1-copie-5-200x133.jpg 200w, http:\/\/www.jeandavidreibel.com\/wp-content\/uploads\/2020\/02\/Ooohwee-visuels_Plan-de-travail-1-copie-5-400x267.jpg 400w, http:\/\/www.jeandavidreibel.com\/wp-content\/uploads\/2020\/02\/Ooohwee-visuels_Plan-de-travail-1-copie-5-600x400.jpg 600w, http:\/\/www.jeandavidreibel.com\/wp-content\/uploads\/2020\/02\/Ooohwee-visuels_Plan-de-travail-1-copie-5-800x533.jpg 800w, http:\/\/www.jeandavidreibel.com\/wp-content\/uploads\/2020\/02\/Ooohwee-visuels_Plan-de-travail-1-copie-5-1200x800.jpg 1200w, http:\/\/www.jeandavidreibel.com\/wp-content\/uploads\/2020\/02\/Ooohwee-visuels_Plan-de-travail-1-copie-5-scaled.jpg 2560w\" sizes=\"(max-width: 800px) 100vw, 1200px\" \/><\/span><span class=\"fusion-imageframe imageframe-none imageframe-6 hover-type-none\"><img loading=\"lazy\" decoding=\"async\" src=\"http:\/\/www.jeandavidreibel.com\/wp-content\/uploads\/2020\/02\/Ooohwee-visuels_Plan-de-travail-1-copie-3-scaled.jpg\" width=\"2560\" height=\"1707\" alt=\"\" title=\"Ooohwee-visuels_6\" class=\"img-responsive wp-image-767\" srcset=\"http:\/\/www.jeandavidreibel.com\/wp-content\/uploads\/2020\/02\/Ooohwee-visuels_Plan-de-travail-1-copie-3-200x133.jpg 200w, http:\/\/www.jeandavidreibel.com\/wp-content\/uploads\/2020\/02\/Ooohwee-visuels_Plan-de-travail-1-copie-3-400x267.jpg 400w, http:\/\/www.jeandavidreibel.com\/wp-content\/uploads\/2020\/02\/Ooohwee-visuels_Plan-de-travail-1-copie-3-600x400.jpg 600w, http:\/\/www.jeandavidreibel.com\/wp-content\/uploads\/2020\/02\/Ooohwee-visuels_Plan-de-travail-1-copie-3-800x533.jpg 800w, http:\/\/www.jeandavidreibel.com\/wp-content\/uploads\/2020\/02\/Ooohwee-visuels_Plan-de-travail-1-copie-3-1200x800.jpg 1200w, http:\/\/www.jeandavidreibel.com\/wp-content\/uploads\/2020\/02\/Ooohwee-visuels_Plan-de-travail-1-copie-3-scaled.jpg 2560w\" sizes=\"(max-width: 800px) 100vw, 1200px\" \/><\/span><div class=\"fusion-clearfix\"><\/div>\n\n\t\t\t\t\t<\/div>\n\t\t\t\t<\/div><\/div><\/div>\n","protected":false},"excerpt":{"rendered":"","protected":false},"author":1,"featured_media":0,"parent":405,"menu_order":0,"comment_status":"closed","ping_status":"closed","template":"","meta":{"footnotes":""},"_links":{"self":[{"href":"http:\/\/www.jeandavidreibel.com\/index.php\/wp-json\/wp\/v2\/pages\/508"}],"collection":[{"href":"http:\/\/www.jeandavidreibel.com\/index.php\/wp-json\/wp\/v2\/pages"}],"about":[{"href":"http:\/\/www.jeandavidreibel.com\/index.php\/wp-json\/wp\/v2\/types\/page"}],"author":[{"embeddable":true,"href":"http:\/\/www.jeandavidreibel.com\/index.php\/wp-json\/wp\/v2\/users\/1"}],"replies":[{"embeddable":true,"href":"http:\/\/www.jeandavidreibel.com\/index.php\/wp-json\/wp\/v2\/comments?post=508"}],"version-history":[{"count":5,"href":"http:\/\/www.jeandavidreibel.com\/index.php\/wp-json\/wp\/v2\/pages\/508\/revisions"}],"predecessor-version":[{"id":772,"href":"http:\/\/www.jeandavidreibel.com\/index.php\/wp-json\/wp\/v2\/pages\/508\/revisions\/772"}],"up":[{"embeddable":true,"href":"http:\/\/www.jeandavidreibel.com\/index.php\/wp-json\/wp\/v2\/pages\/405"}],"wp:attachment":[{"href":"http:\/\/www.jeandavidreibel.com\/index.php\/wp-json\/wp\/v2\/media?parent=508"}],"curies":[{"name":"wp","href":"https:\/\/api.w.org\/{rel}","templated":true}]}}