{"id":512,"date":"2019-12-18T16:42:25","date_gmt":"2019-12-18T15:42:25","guid":{"rendered":"http:\/\/www.jeandavidreibel.com\/?page_id=512"},"modified":"2023-07-17T18:17:35","modified_gmt":"2023-07-17T17:17:35","slug":"512-2","status":"publish","type":"page","link":"http:\/\/www.jeandavidreibel.com\/index.php\/portfolio\/512-2\/","title":{"rendered":"Kwan Academy Direction artistique"},"content":{"rendered":"<div class=\"fusion-fullwidth fullwidth-box fusion-builder-row-1 nonhundred-percent-fullwidth non-hundred-percent-height-scrolling\"  style='background-color: rgba(255,255,255,0);background-position: center center;background-repeat: no-repeat;padding-top:0px;padding-right:0px;padding-bottom:0px;padding-left:0px;'><div class=\"fusion-builder-row fusion-row \"><div  class=\"fusion-layout-column fusion_builder_column fusion_builder_column_1_1 fusion-builder-column-1 fusion-one-full fusion-column-first fusion-column-last 1_1\"  style='margin-top:0px;margin-bottom:20px;'>\n\t\t\t\t\t<div class=\"fusion-column-wrapper\" style=\"padding: 0px 0px 0px 0px;background-position:left top;background-repeat:no-repeat;-webkit-background-size:cover;-moz-background-size:cover;-o-background-size:cover;background-size:cover;\"   data-bg-url=\"\">\n\t\t\t\t\t\t<style type=\"text\/css\"><\/style><div class=\"fusion-title title fusion-title-1 fusion-title-center fusion-title-text fusion-title-size-one\" style=\"margin-top:0px;margin-bottom:31px;\"><div class=\"title-sep-container title-sep-container-left\"><div class=\"title-sep sep-single sep-solid\" style=\"border-color:#333333;\"><\/div><\/div><h1 class=\"title-heading-center\" style=\"margin:0;\">Kwan Academy<\/h1><div class=\"title-sep-container title-sep-container-right\"><div class=\"title-sep sep-single sep-solid\" style=\"border-color:#333333;\"><\/div><\/div><\/div><style type=\"text\/css\"><\/style><div class=\"fusion-title title fusion-title-2 fusion-sep-none fusion-title-text fusion-title-size-three\" style=\"margin-top:0px;margin-bottom:31px;\"><h3 class=\"title-heading-left\" style=\"margin:0;\">Direction Artistique &amp; Web Design<\/h3><\/div><div class=\"fusion-text\"><p>Pr\u00e9parer les plus jeunes \u00e0 un univers professionnel de plus en plus num\u00e9rique tout en \u00e9tant ludique. C\u2019est la mission de Kwan Academy. Des Summers Camps pour diff\u00e9rentes tranche d\u2019\u00e2ge afin d\u2019offrir une premi\u00e8re exp\u00e9rience agr\u00e9able et donnant soif d\u2019apprendre quant aux m\u00e9tiers de demain.<\/p>\n<\/div><span class=\"fusion-imageframe imageframe-none imageframe-1 hover-type-none\"><img loading=\"lazy\" decoding=\"async\" src=\"http:\/\/www.jeandavidreibel.com\/wp-content\/uploads\/2020\/02\/Kwan-visuels_1-scaled.jpg\" width=\"2560\" height=\"1706\" alt=\"\" title=\"Kwan-visuels_1\" class=\"img-responsive wp-image-753\" srcset=\"http:\/\/www.jeandavidreibel.com\/wp-content\/uploads\/2020\/02\/Kwan-visuels_1-200x133.jpg 200w, http:\/\/www.jeandavidreibel.com\/wp-content\/uploads\/2020\/02\/Kwan-visuels_1-400x267.jpg 400w, http:\/\/www.jeandavidreibel.com\/wp-content\/uploads\/2020\/02\/Kwan-visuels_1-600x400.jpg 600w, http:\/\/www.jeandavidreibel.com\/wp-content\/uploads\/2020\/02\/Kwan-visuels_1-800x533.jpg 800w, http:\/\/www.jeandavidreibel.com\/wp-content\/uploads\/2020\/02\/Kwan-visuels_1-1200x800.jpg 1200w, http:\/\/www.jeandavidreibel.com\/wp-content\/uploads\/2020\/02\/Kwan-visuels_1-scaled.jpg 2560w\" sizes=\"(max-width: 800px) 100vw, 1200px\" \/><\/span><span class=\"fusion-imageframe imageframe-none imageframe-2 hover-type-none\"><img loading=\"lazy\" decoding=\"async\" src=\"http:\/\/www.jeandavidreibel.com\/wp-content\/uploads\/2020\/02\/Kwan-visuels_2-scaled.jpg\" width=\"2560\" height=\"1706\" alt=\"\" title=\"Kwan-visuels_2\" class=\"img-responsive wp-image-754\" srcset=\"http:\/\/www.jeandavidreibel.com\/wp-content\/uploads\/2020\/02\/Kwan-visuels_2-200x133.jpg 200w, http:\/\/www.jeandavidreibel.com\/wp-content\/uploads\/2020\/02\/Kwan-visuels_2-400x267.jpg 400w, http:\/\/www.jeandavidreibel.com\/wp-content\/uploads\/2020\/02\/Kwan-visuels_2-600x400.jpg 600w, http:\/\/www.jeandavidreibel.com\/wp-content\/uploads\/2020\/02\/Kwan-visuels_2-800x533.jpg 800w, http:\/\/www.jeandavidreibel.com\/wp-content\/uploads\/2020\/02\/Kwan-visuels_2-1200x800.jpg 1200w, http:\/\/www.jeandavidreibel.com\/wp-content\/uploads\/2020\/02\/Kwan-visuels_2-scaled.jpg 2560w\" sizes=\"(max-width: 800px) 100vw, 1200px\" \/><\/span><span class=\"fusion-imageframe imageframe-none imageframe-3 hover-type-none\"><img loading=\"lazy\" decoding=\"async\" src=\"http:\/\/www.jeandavidreibel.com\/wp-content\/uploads\/2020\/02\/Kwan-visuels_3-scaled.jpg\" width=\"2560\" height=\"1707\" alt=\"\" title=\"Kwan-visuels_3\" class=\"img-responsive wp-image-755\" srcset=\"http:\/\/www.jeandavidreibel.com\/wp-content\/uploads\/2020\/02\/Kwan-visuels_3-200x133.jpg 200w, http:\/\/www.jeandavidreibel.com\/wp-content\/uploads\/2020\/02\/Kwan-visuels_3-400x267.jpg 400w, http:\/\/www.jeandavidreibel.com\/wp-content\/uploads\/2020\/02\/Kwan-visuels_3-600x400.jpg 600w, http:\/\/www.jeandavidreibel.com\/wp-content\/uploads\/2020\/02\/Kwan-visuels_3-800x533.jpg 800w, http:\/\/www.jeandavidreibel.com\/wp-content\/uploads\/2020\/02\/Kwan-visuels_3-1200x800.jpg 1200w, http:\/\/www.jeandavidreibel.com\/wp-content\/uploads\/2020\/02\/Kwan-visuels_3-scaled.jpg 2560w\" sizes=\"(max-width: 800px) 100vw, 1200px\" \/><\/span><span class=\"fusion-imageframe imageframe-none imageframe-4 hover-type-none\"><img loading=\"lazy\" decoding=\"async\" src=\"http:\/\/www.jeandavidreibel.com\/wp-content\/uploads\/2020\/02\/Kwan-visuels_4-scaled.jpg\" width=\"2560\" height=\"1706\" alt=\"\" title=\"Kwan-visuels_4\" class=\"img-responsive wp-image-756\" srcset=\"http:\/\/www.jeandavidreibel.com\/wp-content\/uploads\/2020\/02\/Kwan-visuels_4-200x133.jpg 200w, http:\/\/www.jeandavidreibel.com\/wp-content\/uploads\/2020\/02\/Kwan-visuels_4-400x267.jpg 400w, http:\/\/www.jeandavidreibel.com\/wp-content\/uploads\/2020\/02\/Kwan-visuels_4-600x400.jpg 600w, http:\/\/www.jeandavidreibel.com\/wp-content\/uploads\/2020\/02\/Kwan-visuels_4-800x533.jpg 800w, http:\/\/www.jeandavidreibel.com\/wp-content\/uploads\/2020\/02\/Kwan-visuels_4-1200x800.jpg 1200w, http:\/\/www.jeandavidreibel.com\/wp-content\/uploads\/2020\/02\/Kwan-visuels_4-scaled.jpg 2560w\" sizes=\"(max-width: 800px) 100vw, 1200px\" \/><\/span><span class=\"fusion-imageframe imageframe-none imageframe-5 hover-type-none\"><img loading=\"lazy\" decoding=\"async\" src=\"http:\/\/www.jeandavidreibel.com\/wp-content\/uploads\/2020\/02\/Kwan-visuels_5-scaled.jpg\" width=\"2560\" height=\"1706\" alt=\"\" title=\"Kwan-visuels_5\" class=\"img-responsive wp-image-757\" srcset=\"http:\/\/www.jeandavidreibel.com\/wp-content\/uploads\/2020\/02\/Kwan-visuels_5-200x133.jpg 200w, http:\/\/www.jeandavidreibel.com\/wp-content\/uploads\/2020\/02\/Kwan-visuels_5-400x267.jpg 400w, http:\/\/www.jeandavidreibel.com\/wp-content\/uploads\/2020\/02\/Kwan-visuels_5-600x400.jpg 600w, http:\/\/www.jeandavidreibel.com\/wp-content\/uploads\/2020\/02\/Kwan-visuels_5-800x533.jpg 800w, http:\/\/www.jeandavidreibel.com\/wp-content\/uploads\/2020\/02\/Kwan-visuels_5-1200x800.jpg 1200w, http:\/\/www.jeandavidreibel.com\/wp-content\/uploads\/2020\/02\/Kwan-visuels_5-scaled.jpg 2560w\" sizes=\"(max-width: 800px) 100vw, 1200px\" \/><\/span><span class=\"fusion-imageframe imageframe-none imageframe-6 hover-type-none\"><img loading=\"lazy\" decoding=\"async\" src=\"http:\/\/www.jeandavidreibel.com\/wp-content\/uploads\/2020\/02\/Kwan-visuels_6-scaled.jpg\" width=\"2560\" height=\"1706\" alt=\"\" title=\"Kwan-visuels_6\" class=\"img-responsive wp-image-758\" srcset=\"http:\/\/www.jeandavidreibel.com\/wp-content\/uploads\/2020\/02\/Kwan-visuels_6-200x133.jpg 200w, http:\/\/www.jeandavidreibel.com\/wp-content\/uploads\/2020\/02\/Kwan-visuels_6-400x267.jpg 400w, http:\/\/www.jeandavidreibel.com\/wp-content\/uploads\/2020\/02\/Kwan-visuels_6-600x400.jpg 600w, http:\/\/www.jeandavidreibel.com\/wp-content\/uploads\/2020\/02\/Kwan-visuels_6-800x533.jpg 800w, http:\/\/www.jeandavidreibel.com\/wp-content\/uploads\/2020\/02\/Kwan-visuels_6-1200x800.jpg 1200w, http:\/\/www.jeandavidreibel.com\/wp-content\/uploads\/2020\/02\/Kwan-visuels_6-scaled.jpg 2560w\" sizes=\"(max-width: 800px) 100vw, 1200px\" \/><\/span><div class=\"fusion-clearfix\"><\/div>\n\n\t\t\t\t\t<\/div>\n\t\t\t\t<\/div><\/div><\/div>\n","protected":false},"excerpt":{"rendered":"","protected":false},"author":1,"featured_media":0,"parent":405,"menu_order":0,"comment_status":"closed","ping_status":"closed","template":"","meta":{"footnotes":""},"_links":{"self":[{"href":"http:\/\/www.jeandavidreibel.com\/index.php\/wp-json\/wp\/v2\/pages\/512"}],"collection":[{"href":"http:\/\/www.jeandavidreibel.com\/index.php\/wp-json\/wp\/v2\/pages"}],"about":[{"href":"http:\/\/www.jeandavidreibel.com\/index.php\/wp-json\/wp\/v2\/types\/page"}],"author":[{"embeddable":true,"href":"http:\/\/www.jeandavidreibel.com\/index.php\/wp-json\/wp\/v2\/users\/1"}],"replies":[{"embeddable":true,"href":"http:\/\/www.jeandavidreibel.com\/index.php\/wp-json\/wp\/v2\/comments?post=512"}],"version-history":[{"count":5,"href":"http:\/\/www.jeandavidreibel.com\/index.php\/wp-json\/wp\/v2\/pages\/512\/revisions"}],"predecessor-version":[{"id":972,"href":"http:\/\/www.jeandavidreibel.com\/index.php\/wp-json\/wp\/v2\/pages\/512\/revisions\/972"}],"up":[{"embeddable":true,"href":"http:\/\/www.jeandavidreibel.com\/index.php\/wp-json\/wp\/v2\/pages\/405"}],"wp:attachment":[{"href":"http:\/\/www.jeandavidreibel.com\/index.php\/wp-json\/wp\/v2\/media?parent=512"}],"curies":[{"name":"wp","href":"https:\/\/api.w.org\/{rel}","templated":true}]}}