{"id":583,"date":"2020-01-23T17:11:33","date_gmt":"2020-01-23T16:11:33","guid":{"rendered":"http:\/\/www.jeandavidreibel.com\/?page_id=583"},"modified":"2023-07-17T18:16:49","modified_gmt":"2023-07-17T17:16:49","slug":"sncf-studios","status":"publish","type":"page","link":"http:\/\/www.jeandavidreibel.com\/index.php\/portfolio\/sncf-studios\/","title":{"rendered":"SNCF Studios"},"content":{"rendered":"<div class=\"fusion-fullwidth fullwidth-box fusion-builder-row-1 nonhundred-percent-fullwidth non-hundred-percent-height-scrolling\"  style='background-color: rgba(255,255,255,0);background-position: center center;background-repeat: no-repeat;padding-top:0px;padding-right:0px;padding-bottom:0px;padding-left:0px;'><div class=\"fusion-builder-row fusion-row \"><div  class=\"fusion-layout-column fusion_builder_column fusion_builder_column_1_1 fusion-builder-column-1 fusion-one-full fusion-column-first fusion-column-last 1_1\"  style='margin-top:0px;margin-bottom:20px;'>\n\t\t\t\t\t<div class=\"fusion-column-wrapper\" style=\"padding: 0px 0px 0px 0px;background-position:left top;background-repeat:no-repeat;-webkit-background-size:cover;-moz-background-size:cover;-o-background-size:cover;background-size:cover;\"   data-bg-url=\"\">\n\t\t\t\t\t\t<style type=\"text\/css\"><\/style><div class=\"fusion-title title fusion-title-1 fusion-title-center fusion-title-text fusion-title-size-one\" style=\"margin-top:0px;margin-bottom:31px;\"><div class=\"title-sep-container title-sep-container-left\"><div class=\"title-sep sep-single sep-solid\" style=\"border-color:#333333;\"><\/div><\/div><h1 class=\"title-heading-center\" style=\"margin:0;\">SNCF Studios<\/h1><div class=\"title-sep-container title-sep-container-right\"><div class=\"title-sep sep-single sep-solid\" style=\"border-color:#333333;\"><\/div><\/div><\/div><style type=\"text\/css\"><\/style><div class=\"fusion-title title fusion-title-2 fusion-sep-none fusion-title-text fusion-title-size-three\" style=\"margin-top:0px;margin-bottom:31px;\"><h3 class=\"title-heading-left\" style=\"margin:0;\">Web Design<\/h3><\/div><div class=\"fusion-text\"><p>La SNCF propose un catalogue de lieux de tournages et un patrimoine ferroviaire unique aux productions cin\u00e9matographiques et\/ou t\u00e9l\u00e9visuelles. Cette interface a pour but de mettre en avant se patrimoine et de faciliter la mise en relation avec le d\u00e9partement de la SNCF d\u00e9di\u00e9 \u00e0 ces activit\u00e9s en optimisant les \u00e9changes sur les futurs projets qui prendront vie dans ces gares et ces trains.<\/p>\n<p>R\u00e9alis\u00e9 au sein de Setkeeper.<\/p>\n<\/div><span class=\"fusion-imageframe imageframe-none imageframe-1 hover-type-none\"><img loading=\"lazy\" decoding=\"async\" src=\"http:\/\/www.jeandavidreibel.com\/wp-content\/uploads\/2020\/02\/SNCF-Studios-visuels_Plan-de-travail-1-scaled.jpg\" width=\"2560\" height=\"1706\" alt=\"\" title=\"SNCF-Studios1\" class=\"img-responsive wp-image-741\" srcset=\"http:\/\/www.jeandavidreibel.com\/wp-content\/uploads\/2020\/02\/SNCF-Studios-visuels_Plan-de-travail-1-200x133.jpg 200w, http:\/\/www.jeandavidreibel.com\/wp-content\/uploads\/2020\/02\/SNCF-Studios-visuels_Plan-de-travail-1-400x267.jpg 400w, http:\/\/www.jeandavidreibel.com\/wp-content\/uploads\/2020\/02\/SNCF-Studios-visuels_Plan-de-travail-1-600x400.jpg 600w, http:\/\/www.jeandavidreibel.com\/wp-content\/uploads\/2020\/02\/SNCF-Studios-visuels_Plan-de-travail-1-800x533.jpg 800w, http:\/\/www.jeandavidreibel.com\/wp-content\/uploads\/2020\/02\/SNCF-Studios-visuels_Plan-de-travail-1-1200x800.jpg 1200w, http:\/\/www.jeandavidreibel.com\/wp-content\/uploads\/2020\/02\/SNCF-Studios-visuels_Plan-de-travail-1-scaled.jpg 2560w\" sizes=\"(max-width: 800px) 100vw, 1200px\" \/><\/span><span class=\"fusion-imageframe imageframe-none imageframe-2 hover-type-none\"><img loading=\"lazy\" decoding=\"async\" src=\"http:\/\/www.jeandavidreibel.com\/wp-content\/uploads\/2020\/02\/SNCF-Studios-visuels_Plan-de-travail-1-copie-scaled.jpg\" width=\"2560\" height=\"1706\" alt=\"\" title=\"SNCF-Studios2\" class=\"img-responsive wp-image-743\" srcset=\"http:\/\/www.jeandavidreibel.com\/wp-content\/uploads\/2020\/02\/SNCF-Studios-visuels_Plan-de-travail-1-copie-200x133.jpg 200w, http:\/\/www.jeandavidreibel.com\/wp-content\/uploads\/2020\/02\/SNCF-Studios-visuels_Plan-de-travail-1-copie-400x267.jpg 400w, http:\/\/www.jeandavidreibel.com\/wp-content\/uploads\/2020\/02\/SNCF-Studios-visuels_Plan-de-travail-1-copie-600x400.jpg 600w, http:\/\/www.jeandavidreibel.com\/wp-content\/uploads\/2020\/02\/SNCF-Studios-visuels_Plan-de-travail-1-copie-800x533.jpg 800w, http:\/\/www.jeandavidreibel.com\/wp-content\/uploads\/2020\/02\/SNCF-Studios-visuels_Plan-de-travail-1-copie-1200x800.jpg 1200w, http:\/\/www.jeandavidreibel.com\/wp-content\/uploads\/2020\/02\/SNCF-Studios-visuels_Plan-de-travail-1-copie-scaled.jpg 2560w\" sizes=\"(max-width: 800px) 100vw, 1200px\" \/><\/span><span class=\"fusion-imageframe imageframe-none imageframe-3 hover-type-none\"><img loading=\"lazy\" decoding=\"async\" src=\"http:\/\/www.jeandavidreibel.com\/wp-content\/uploads\/2020\/02\/SNCF-Studios-visuels_Plan-de-travail-1-copie-2-scaled.jpg\" width=\"2560\" height=\"1706\" alt=\"\" title=\"SNCF-Studios3\" class=\"img-responsive wp-image-745\" srcset=\"http:\/\/www.jeandavidreibel.com\/wp-content\/uploads\/2020\/02\/SNCF-Studios-visuels_Plan-de-travail-1-copie-2-200x133.jpg 200w, http:\/\/www.jeandavidreibel.com\/wp-content\/uploads\/2020\/02\/SNCF-Studios-visuels_Plan-de-travail-1-copie-2-400x267.jpg 400w, http:\/\/www.jeandavidreibel.com\/wp-content\/uploads\/2020\/02\/SNCF-Studios-visuels_Plan-de-travail-1-copie-2-600x400.jpg 600w, http:\/\/www.jeandavidreibel.com\/wp-content\/uploads\/2020\/02\/SNCF-Studios-visuels_Plan-de-travail-1-copie-2-800x533.jpg 800w, http:\/\/www.jeandavidreibel.com\/wp-content\/uploads\/2020\/02\/SNCF-Studios-visuels_Plan-de-travail-1-copie-2-1200x800.jpg 1200w, http:\/\/www.jeandavidreibel.com\/wp-content\/uploads\/2020\/02\/SNCF-Studios-visuels_Plan-de-travail-1-copie-2-scaled.jpg 2560w\" sizes=\"(max-width: 800px) 100vw, 1200px\" \/><\/span><span class=\"fusion-imageframe imageframe-none imageframe-4 hover-type-none\"><img loading=\"lazy\" decoding=\"async\" src=\"http:\/\/www.jeandavidreibel.com\/wp-content\/uploads\/2020\/02\/SNCF-Studios-visuels_Plan-de-travail-1-copie-3-scaled.jpg\" width=\"2560\" height=\"1707\" alt=\"\" title=\"SNCF-Studios4\" class=\"img-responsive wp-image-742\" srcset=\"http:\/\/www.jeandavidreibel.com\/wp-content\/uploads\/2020\/02\/SNCF-Studios-visuels_Plan-de-travail-1-copie-3-200x133.jpg 200w, http:\/\/www.jeandavidreibel.com\/wp-content\/uploads\/2020\/02\/SNCF-Studios-visuels_Plan-de-travail-1-copie-3-400x267.jpg 400w, http:\/\/www.jeandavidreibel.com\/wp-content\/uploads\/2020\/02\/SNCF-Studios-visuels_Plan-de-travail-1-copie-3-600x400.jpg 600w, http:\/\/www.jeandavidreibel.com\/wp-content\/uploads\/2020\/02\/SNCF-Studios-visuels_Plan-de-travail-1-copie-3-800x533.jpg 800w, http:\/\/www.jeandavidreibel.com\/wp-content\/uploads\/2020\/02\/SNCF-Studios-visuels_Plan-de-travail-1-copie-3-1200x800.jpg 1200w, http:\/\/www.jeandavidreibel.com\/wp-content\/uploads\/2020\/02\/SNCF-Studios-visuels_Plan-de-travail-1-copie-3-scaled.jpg 2560w\" sizes=\"(max-width: 800px) 100vw, 1200px\" \/><\/span><div class=\"fusion-clearfix\"><\/div>\n\n\t\t\t\t\t<\/div>\n\t\t\t\t<\/div><\/div><\/div>\n","protected":false},"excerpt":{"rendered":"","protected":false},"author":1,"featured_media":0,"parent":405,"menu_order":0,"comment_status":"closed","ping_status":"closed","template":"","meta":{"footnotes":""},"_links":{"self":[{"href":"http:\/\/www.jeandavidreibel.com\/index.php\/wp-json\/wp\/v2\/pages\/583"}],"collection":[{"href":"http:\/\/www.jeandavidreibel.com\/index.php\/wp-json\/wp\/v2\/pages"}],"about":[{"href":"http:\/\/www.jeandavidreibel.com\/index.php\/wp-json\/wp\/v2\/types\/page"}],"author":[{"embeddable":true,"href":"http:\/\/www.jeandavidreibel.com\/index.php\/wp-json\/wp\/v2\/users\/1"}],"replies":[{"embeddable":true,"href":"http:\/\/www.jeandavidreibel.com\/index.php\/wp-json\/wp\/v2\/comments?post=583"}],"version-history":[{"count":6,"href":"http:\/\/www.jeandavidreibel.com\/index.php\/wp-json\/wp\/v2\/pages\/583\/revisions"}],"predecessor-version":[{"id":970,"href":"http:\/\/www.jeandavidreibel.com\/index.php\/wp-json\/wp\/v2\/pages\/583\/revisions\/970"}],"up":[{"embeddable":true,"href":"http:\/\/www.jeandavidreibel.com\/index.php\/wp-json\/wp\/v2\/pages\/405"}],"wp:attachment":[{"href":"http:\/\/www.jeandavidreibel.com\/index.php\/wp-json\/wp\/v2\/media?parent=583"}],"curies":[{"name":"wp","href":"https:\/\/api.w.org\/{rel}","templated":true}]}}