{"id":866,"date":"2023-07-13T13:14:08","date_gmt":"2023-07-13T12:14:08","guid":{"rendered":"http:\/\/www.jeandavidreibel.com\/?page_id=866"},"modified":"2023-07-17T18:14:22","modified_gmt":"2023-07-17T17:14:22","slug":"fichti","status":"publish","type":"page","link":"http:\/\/www.jeandavidreibel.com\/index.php\/portfolio\/fichti\/","title":{"rendered":"\u03a6\u03af\u03c7\u03c4\u03b9"},"content":{"rendered":"<div class=\"fusion-fullwidth fullwidth-box fusion-builder-row-1 nonhundred-percent-fullwidth non-hundred-percent-height-scrolling\"  style='background-color: rgba(255,255,255,0);background-position: center center;background-repeat: no-repeat;padding-top:0px;padding-right:0px;padding-bottom:0px;padding-left:0px;'><div class=\"fusion-builder-row fusion-row \"><div  class=\"fusion-layout-column fusion_builder_column fusion_builder_column_1_1 fusion-builder-column-1 fusion-one-full fusion-column-first fusion-column-last 1_1\"  style='margin-top:0px;margin-bottom:20px;'>\n\t\t\t\t\t<div class=\"fusion-column-wrapper\" style=\"padding: 0px 0px 0px 0px;background-position:left top;background-repeat:no-repeat;-webkit-background-size:cover;-moz-background-size:cover;-o-background-size:cover;background-size:cover;\"   data-bg-url=\"\">\n\t\t\t\t\t\t<style type=\"text\/css\"><\/style><div class=\"fusion-title title fusion-title-1 fusion-title-center fusion-title-text fusion-title-size-one\" style=\"margin-top:0px;margin-bottom:31px;\"><div class=\"title-sep-container title-sep-container-left\"><div class=\"title-sep sep-single sep-solid\" style=\"border-color:#333333;\"><\/div><\/div><h1 class=\"title-heading-center\" style=\"margin:0;\">Fichti<\/h1><div class=\"title-sep-container title-sep-container-right\"><div class=\"title-sep sep-single sep-solid\" style=\"border-color:#333333;\"><\/div><\/div><\/div><style type=\"text\/css\"><\/style><div class=\"fusion-title title fusion-title-2 fusion-sep-none fusion-title-text fusion-title-size-three\" style=\"margin-top:0px;margin-bottom:31px;\"><h3 class=\"title-heading-left\" style=\"margin:0;\">Packaging<\/h3><\/div><div class=\"fusion-text\"><p class=\"western\">L\u2019huile d\u2019olive de \u03a6\u03af\u03c7\u03c4\u03b9 (Fichti) en Gr\u00e8ce est produite au sein d\u2019une exploitation familiale apr\u00e8s une r\u00e9colte \u00e0 la main. Pour cette huile extra-vierge premium aux ar\u00f4mes puissants, vendue en circuit court, le choix d\u2019un packaging sobre avec la s\u00e9lection d\u2019un papier qualitatif a permis de mettre en avant l\u2019ADN du produit.<\/p>\n<\/div><span class=\"fusion-imageframe imageframe-none imageframe-1 hover-type-none\"><img loading=\"lazy\" decoding=\"async\" src=\"http:\/\/www.jeandavidreibel.com\/wp-content\/uploads\/2023\/07\/mise-en-situation.jpg\" width=\"1792\" height=\"1024\" alt=\"\" title=\"mise en situation\" class=\"img-responsive wp-image-867\" srcset=\"http:\/\/www.jeandavidreibel.com\/wp-content\/uploads\/2023\/07\/mise-en-situation-200x114.jpg 200w, http:\/\/www.jeandavidreibel.com\/wp-content\/uploads\/2023\/07\/mise-en-situation-400x229.jpg 400w, http:\/\/www.jeandavidreibel.com\/wp-content\/uploads\/2023\/07\/mise-en-situation-600x343.jpg 600w, http:\/\/www.jeandavidreibel.com\/wp-content\/uploads\/2023\/07\/mise-en-situation-800x457.jpg 800w, http:\/\/www.jeandavidreibel.com\/wp-content\/uploads\/2023\/07\/mise-en-situation-1200x686.jpg 1200w, http:\/\/www.jeandavidreibel.com\/wp-content\/uploads\/2023\/07\/mise-en-situation.jpg 1792w\" sizes=\"(max-width: 800px) 100vw, 1200px\" \/><\/span><span class=\"fusion-imageframe imageframe-none imageframe-2 hover-type-none\"><img loading=\"lazy\" decoding=\"async\" src=\"http:\/\/www.jeandavidreibel.com\/wp-content\/uploads\/2023\/07\/propositions.jpg\" width=\"1920\" height=\"1080\" alt=\"\" title=\"propositions\" class=\"img-responsive wp-image-868\" srcset=\"http:\/\/www.jeandavidreibel.com\/wp-content\/uploads\/2023\/07\/propositions-200x113.jpg 200w, http:\/\/www.jeandavidreibel.com\/wp-content\/uploads\/2023\/07\/propositions-400x225.jpg 400w, http:\/\/www.jeandavidreibel.com\/wp-content\/uploads\/2023\/07\/propositions-600x338.jpg 600w, http:\/\/www.jeandavidreibel.com\/wp-content\/uploads\/2023\/07\/propositions-800x450.jpg 800w, http:\/\/www.jeandavidreibel.com\/wp-content\/uploads\/2023\/07\/propositions-1200x675.jpg 1200w, http:\/\/www.jeandavidreibel.com\/wp-content\/uploads\/2023\/07\/propositions.jpg 1920w\" sizes=\"(max-width: 800px) 100vw, 1200px\" \/><\/span><div class=\"fusion-clearfix\"><\/div>\n\n\t\t\t\t\t<\/div>\n\t\t\t\t<\/div><\/div><\/div>\n","protected":false},"excerpt":{"rendered":"","protected":false},"author":1,"featured_media":0,"parent":405,"menu_order":0,"comment_status":"closed","ping_status":"closed","template":"","meta":{"footnotes":""},"_links":{"self":[{"href":"http:\/\/www.jeandavidreibel.com\/index.php\/wp-json\/wp\/v2\/pages\/866"}],"collection":[{"href":"http:\/\/www.jeandavidreibel.com\/index.php\/wp-json\/wp\/v2\/pages"}],"about":[{"href":"http:\/\/www.jeandavidreibel.com\/index.php\/wp-json\/wp\/v2\/types\/page"}],"author":[{"embeddable":true,"href":"http:\/\/www.jeandavidreibel.com\/index.php\/wp-json\/wp\/v2\/users\/1"}],"replies":[{"embeddable":true,"href":"http:\/\/www.jeandavidreibel.com\/index.php\/wp-json\/wp\/v2\/comments?post=866"}],"version-history":[{"count":4,"href":"http:\/\/www.jeandavidreibel.com\/index.php\/wp-json\/wp\/v2\/pages\/866\/revisions"}],"predecessor-version":[{"id":963,"href":"http:\/\/www.jeandavidreibel.com\/index.php\/wp-json\/wp\/v2\/pages\/866\/revisions\/963"}],"up":[{"embeddable":true,"href":"http:\/\/www.jeandavidreibel.com\/index.php\/wp-json\/wp\/v2\/pages\/405"}],"wp:attachment":[{"href":"http:\/\/www.jeandavidreibel.com\/index.php\/wp-json\/wp\/v2\/media?parent=866"}],"curies":[{"name":"wp","href":"https:\/\/api.w.org\/{rel}","templated":true}]}}