{"id":978,"date":"2023-07-21T13:56:57","date_gmt":"2023-07-21T12:56:57","guid":{"rendered":"http:\/\/www.jeandavidreibel.com\/?page_id=978"},"modified":"2023-07-21T13:58:09","modified_gmt":"2023-07-21T12:58:09","slug":"onemile","status":"publish","type":"page","link":"http:\/\/www.jeandavidreibel.com\/index.php\/portfolio\/onemile\/","title":{"rendered":"Onemile"},"content":{"rendered":"<div class=\"fusion-fullwidth fullwidth-box fusion-builder-row-1 nonhundred-percent-fullwidth non-hundred-percent-height-scrolling\"  style='background-color: rgba(255,255,255,0);background-position: center center;background-repeat: no-repeat;padding-top:0px;padding-right:0px;padding-bottom:0px;padding-left:0px;'><div class=\"fusion-builder-row fusion-row \"><div  class=\"fusion-layout-column fusion_builder_column fusion_builder_column_1_1 fusion-builder-column-1 fusion-one-full fusion-column-first fusion-column-last 1_1\"  style='margin-top:0px;margin-bottom:20px;'>\n\t\t\t\t\t<div class=\"fusion-column-wrapper\" style=\"padding: 0px 0px 0px 0px;background-position:left top;background-repeat:no-repeat;-webkit-background-size:cover;-moz-background-size:cover;-o-background-size:cover;background-size:cover;\"   data-bg-url=\"\">\n\t\t\t\t\t\t<style type=\"text\/css\"><\/style><div class=\"fusion-title title fusion-title-1 fusion-title-center fusion-title-text fusion-title-size-one\" style=\"margin-top:0px;margin-bottom:31px;\"><div class=\"title-sep-container title-sep-container-left\"><div class=\"title-sep sep-single sep-solid\" style=\"border-color:#333333;\"><\/div><\/div><h1 class=\"title-heading-center\" style=\"margin:0;\">Onemile<\/h1><div class=\"title-sep-container title-sep-container-right\"><div class=\"title-sep sep-single sep-solid\" style=\"border-color:#333333;\"><\/div><\/div><\/div><style type=\"text\/css\"><\/style><div class=\"fusion-title title fusion-title-2 fusion-sep-none fusion-title-text fusion-title-size-three\" style=\"margin-top:0px;margin-bottom:31px;\"><h3 class=\"title-heading-left\" style=\"margin:0;\">Communication 360\u00b0<\/h3><\/div><div class=\"fusion-text\"><p>Onemile est une marque premium sp\u00e9cialis\u00e9e dans la conception de petits v\u00e9hicules \u00e9lectriques tels que des v\u00e9los \u00e0 assistance, des trottinettes ou des speed bikes.<\/p>\n<p>La marque se distingue par une approche du produit visant avant tout la praticit\u00e9 et le confort d\u2019utilisation afin d\u2019int\u00e9grer ses produits dans de nouveaux usages quotidiens ainsi que par un r\u00e9el focus sur la qualit\u00e9\u00a0 de production.<\/p>\n<p>Les v\u00e9hicules propos\u00e9s par Onemile sont de conception fran\u00e7aise.<\/p>\n<p>Au sein du Groupe Zo\u00e9, j\u2019ai eu l\u2019opportunit\u00e9 de re-penser int\u00e9gralement la charte graphique de Onemile et de d\u00e9velopper la communication 360\u00b0 de la marque dans l\u2019\u00e9volution de la gamme avec le lancement de nouveaux produits. Cela implique la refonte du site internet, l\u2019habillage d\u2019un nouveau stand modulable, la conception de supports print, la conception d\u2019un nouveau catalogue, la commande et la supervision de shootings photos, la cr\u00e9ation de contenu pour les r\u00e9seaux sociaux anim\u00e9s par la marque \u2026 et plus encore.<\/p>\n<\/div><span class=\"fusion-imageframe imageframe-none imageframe-1 hover-type-none\"><img loading=\"lazy\" decoding=\"async\" src=\"http:\/\/www.jeandavidreibel.com\/wp-content\/uploads\/2023\/07\/onemile-site-desktop-04-scaled.jpg\" width=\"2560\" height=\"1440\" alt=\"\" title=\"onemile-site-desktop-04\" class=\"img-responsive wp-image-994\" srcset=\"http:\/\/www.jeandavidreibel.com\/wp-content\/uploads\/2023\/07\/onemile-site-desktop-04-200x113.jpg 200w, http:\/\/www.jeandavidreibel.com\/wp-content\/uploads\/2023\/07\/onemile-site-desktop-04-400x225.jpg 400w, http:\/\/www.jeandavidreibel.com\/wp-content\/uploads\/2023\/07\/onemile-site-desktop-04-600x338.jpg 600w, http:\/\/www.jeandavidreibel.com\/wp-content\/uploads\/2023\/07\/onemile-site-desktop-04-800x450.jpg 800w, http:\/\/www.jeandavidreibel.com\/wp-content\/uploads\/2023\/07\/onemile-site-desktop-04-1200x675.jpg 1200w, http:\/\/www.jeandavidreibel.com\/wp-content\/uploads\/2023\/07\/onemile-site-desktop-04-scaled.jpg 2560w\" sizes=\"(max-width: 800px) 100vw, 1200px\" \/><\/span><span class=\"fusion-imageframe imageframe-none imageframe-2 hover-type-none\"><img loading=\"lazy\" decoding=\"async\" src=\"http:\/\/www.jeandavidreibel.com\/wp-content\/uploads\/2023\/07\/onemile-site-desktop-01-scaled.jpg\" width=\"2560\" height=\"1440\" alt=\"\" title=\"onemile-site-desktop-01\" class=\"img-responsive wp-image-995\" srcset=\"http:\/\/www.jeandavidreibel.com\/wp-content\/uploads\/2023\/07\/onemile-site-desktop-01-200x113.jpg 200w, http:\/\/www.jeandavidreibel.com\/wp-content\/uploads\/2023\/07\/onemile-site-desktop-01-400x225.jpg 400w, http:\/\/www.jeandavidreibel.com\/wp-content\/uploads\/2023\/07\/onemile-site-desktop-01-600x338.jpg 600w, http:\/\/www.jeandavidreibel.com\/wp-content\/uploads\/2023\/07\/onemile-site-desktop-01-800x450.jpg 800w, http:\/\/www.jeandavidreibel.com\/wp-content\/uploads\/2023\/07\/onemile-site-desktop-01-1200x675.jpg 1200w, http:\/\/www.jeandavidreibel.com\/wp-content\/uploads\/2023\/07\/onemile-site-desktop-01-scaled.jpg 2560w\" sizes=\"(max-width: 800px) 100vw, 1200px\" \/><\/span><span class=\"fusion-imageframe imageframe-none imageframe-3 hover-type-none\"><img loading=\"lazy\" decoding=\"async\" src=\"http:\/\/www.jeandavidreibel.com\/wp-content\/uploads\/2023\/07\/onemile-site-desktop-02-scaled.jpg\" width=\"2560\" height=\"1440\" alt=\"\" title=\"onemile-site-desktop-02\" class=\"img-responsive wp-image-996\" srcset=\"http:\/\/www.jeandavidreibel.com\/wp-content\/uploads\/2023\/07\/onemile-site-desktop-02-200x113.jpg 200w, http:\/\/www.jeandavidreibel.com\/wp-content\/uploads\/2023\/07\/onemile-site-desktop-02-400x225.jpg 400w, http:\/\/www.jeandavidreibel.com\/wp-content\/uploads\/2023\/07\/onemile-site-desktop-02-600x338.jpg 600w, http:\/\/www.jeandavidreibel.com\/wp-content\/uploads\/2023\/07\/onemile-site-desktop-02-800x450.jpg 800w, http:\/\/www.jeandavidreibel.com\/wp-content\/uploads\/2023\/07\/onemile-site-desktop-02-1200x675.jpg 1200w, http:\/\/www.jeandavidreibel.com\/wp-content\/uploads\/2023\/07\/onemile-site-desktop-02-scaled.jpg 2560w\" sizes=\"(max-width: 800px) 100vw, 1200px\" \/><\/span><span class=\"fusion-imageframe imageframe-none imageframe-4 hover-type-none\"><img loading=\"lazy\" decoding=\"async\" src=\"http:\/\/www.jeandavidreibel.com\/wp-content\/uploads\/2023\/07\/onemile-site-desktop-03-scaled.jpg\" width=\"2560\" height=\"1440\" alt=\"\" title=\"onemile-site-desktop-03\" class=\"img-responsive wp-image-997\" srcset=\"http:\/\/www.jeandavidreibel.com\/wp-content\/uploads\/2023\/07\/onemile-site-desktop-03-200x113.jpg 200w, http:\/\/www.jeandavidreibel.com\/wp-content\/uploads\/2023\/07\/onemile-site-desktop-03-400x225.jpg 400w, http:\/\/www.jeandavidreibel.com\/wp-content\/uploads\/2023\/07\/onemile-site-desktop-03-600x338.jpg 600w, http:\/\/www.jeandavidreibel.com\/wp-content\/uploads\/2023\/07\/onemile-site-desktop-03-800x450.jpg 800w, http:\/\/www.jeandavidreibel.com\/wp-content\/uploads\/2023\/07\/onemile-site-desktop-03-1200x675.jpg 1200w, http:\/\/www.jeandavidreibel.com\/wp-content\/uploads\/2023\/07\/onemile-site-desktop-03-scaled.jpg 2560w\" sizes=\"(max-width: 800px) 100vw, 1200px\" \/><\/span><span class=\"fusion-imageframe imageframe-none imageframe-5 hover-type-none\"><img loading=\"lazy\" decoding=\"async\" src=\"http:\/\/www.jeandavidreibel.com\/wp-content\/uploads\/2023\/07\/onemile-site-desktop-05-scaled.jpg\" width=\"2560\" height=\"1440\" alt=\"\" title=\"onemile-site-desktop-05\" class=\"img-responsive wp-image-999\" srcset=\"http:\/\/www.jeandavidreibel.com\/wp-content\/uploads\/2023\/07\/onemile-site-desktop-05-200x113.jpg 200w, http:\/\/www.jeandavidreibel.com\/wp-content\/uploads\/2023\/07\/onemile-site-desktop-05-400x225.jpg 400w, http:\/\/www.jeandavidreibel.com\/wp-content\/uploads\/2023\/07\/onemile-site-desktop-05-600x338.jpg 600w, http:\/\/www.jeandavidreibel.com\/wp-content\/uploads\/2023\/07\/onemile-site-desktop-05-800x450.jpg 800w, http:\/\/www.jeandavidreibel.com\/wp-content\/uploads\/2023\/07\/onemile-site-desktop-05-1200x675.jpg 1200w, http:\/\/www.jeandavidreibel.com\/wp-content\/uploads\/2023\/07\/onemile-site-desktop-05-scaled.jpg 2560w\" sizes=\"(max-width: 800px) 100vw, 1200px\" \/><\/span><span class=\"fusion-imageframe imageframe-none imageframe-6 hover-type-none\"><img loading=\"lazy\" decoding=\"async\" src=\"http:\/\/www.jeandavidreibel.com\/wp-content\/uploads\/2023\/07\/Open_Magazine_MockupsForFree-scaled.jpg\" width=\"2560\" height=\"1703\" alt=\"\" title=\"nomad_1\" class=\"img-responsive wp-image-989\" srcset=\"http:\/\/www.jeandavidreibel.com\/wp-content\/uploads\/2023\/07\/Open_Magazine_MockupsForFree-200x133.jpg 200w, http:\/\/www.jeandavidreibel.com\/wp-content\/uploads\/2023\/07\/Open_Magazine_MockupsForFree-400x266.jpg 400w, http:\/\/www.jeandavidreibel.com\/wp-content\/uploads\/2023\/07\/Open_Magazine_MockupsForFree-600x399.jpg 600w, http:\/\/www.jeandavidreibel.com\/wp-content\/uploads\/2023\/07\/Open_Magazine_MockupsForFree-800x532.jpg 800w, http:\/\/www.jeandavidreibel.com\/wp-content\/uploads\/2023\/07\/Open_Magazine_MockupsForFree-1200x798.jpg 1200w, http:\/\/www.jeandavidreibel.com\/wp-content\/uploads\/2023\/07\/Open_Magazine_MockupsForFree-scaled.jpg 2560w\" sizes=\"(max-width: 800px) 100vw, 1200px\" \/><\/span><span class=\"fusion-imageframe imageframe-none imageframe-7 hover-type-none\"><img loading=\"lazy\" decoding=\"async\" src=\"http:\/\/www.jeandavidreibel.com\/wp-content\/uploads\/2023\/07\/Open_Magazine_MockupsForFree-1-scaled.jpg\" width=\"2560\" height=\"1703\" alt=\"\" title=\"nomad_2\" class=\"img-responsive wp-image-991\" srcset=\"http:\/\/www.jeandavidreibel.com\/wp-content\/uploads\/2023\/07\/Open_Magazine_MockupsForFree-1-200x133.jpg 200w, http:\/\/www.jeandavidreibel.com\/wp-content\/uploads\/2023\/07\/Open_Magazine_MockupsForFree-1-400x266.jpg 400w, http:\/\/www.jeandavidreibel.com\/wp-content\/uploads\/2023\/07\/Open_Magazine_MockupsForFree-1-600x399.jpg 600w, http:\/\/www.jeandavidreibel.com\/wp-content\/uploads\/2023\/07\/Open_Magazine_MockupsForFree-1-800x532.jpg 800w, http:\/\/www.jeandavidreibel.com\/wp-content\/uploads\/2023\/07\/Open_Magazine_MockupsForFree-1-1200x798.jpg 1200w, http:\/\/www.jeandavidreibel.com\/wp-content\/uploads\/2023\/07\/Open_Magazine_MockupsForFree-1-scaled.jpg 2560w\" sizes=\"(max-width: 800px) 100vw, 1200px\" \/><\/span><span class=\"fusion-imageframe imageframe-none imageframe-8 hover-type-none\"><img loading=\"lazy\" decoding=\"async\" src=\"http:\/\/www.jeandavidreibel.com\/wp-content\/uploads\/2023\/07\/cartes-de-visite.jpg\" width=\"1792\" height=\"1024\" alt=\"\" title=\"cartes de visite\" class=\"img-responsive wp-image-987\" srcset=\"http:\/\/www.jeandavidreibel.com\/wp-content\/uploads\/2023\/07\/cartes-de-visite-200x114.jpg 200w, http:\/\/www.jeandavidreibel.com\/wp-content\/uploads\/2023\/07\/cartes-de-visite-400x229.jpg 400w, http:\/\/www.jeandavidreibel.com\/wp-content\/uploads\/2023\/07\/cartes-de-visite-600x343.jpg 600w, http:\/\/www.jeandavidreibel.com\/wp-content\/uploads\/2023\/07\/cartes-de-visite-800x457.jpg 800w, http:\/\/www.jeandavidreibel.com\/wp-content\/uploads\/2023\/07\/cartes-de-visite-1200x686.jpg 1200w, http:\/\/www.jeandavidreibel.com\/wp-content\/uploads\/2023\/07\/cartes-de-visite.jpg 1792w\" sizes=\"(max-width: 800px) 100vw, 1200px\" \/><\/span><span class=\"fusion-imageframe imageframe-none imageframe-9 hover-type-none\"><img loading=\"lazy\" decoding=\"async\" src=\"http:\/\/www.jeandavidreibel.com\/wp-content\/uploads\/2023\/07\/onemile-stand-2.jpg\" width=\"1920\" height=\"1080\" alt=\"\" title=\"onemile-stand-2\" class=\"img-responsive wp-image-981\" srcset=\"http:\/\/www.jeandavidreibel.com\/wp-content\/uploads\/2023\/07\/onemile-stand-2-200x113.jpg 200w, http:\/\/www.jeandavidreibel.com\/wp-content\/uploads\/2023\/07\/onemile-stand-2-400x225.jpg 400w, http:\/\/www.jeandavidreibel.com\/wp-content\/uploads\/2023\/07\/onemile-stand-2-600x338.jpg 600w, http:\/\/www.jeandavidreibel.com\/wp-content\/uploads\/2023\/07\/onemile-stand-2-800x450.jpg 800w, http:\/\/www.jeandavidreibel.com\/wp-content\/uploads\/2023\/07\/onemile-stand-2-1200x675.jpg 1200w, http:\/\/www.jeandavidreibel.com\/wp-content\/uploads\/2023\/07\/onemile-stand-2.jpg 1920w\" sizes=\"(max-width: 800px) 100vw, 1200px\" \/><\/span><span class=\"fusion-imageframe imageframe-none imageframe-10 hover-type-none\"><img loading=\"lazy\" decoding=\"async\" src=\"http:\/\/www.jeandavidreibel.com\/wp-content\/uploads\/2023\/07\/onemile-stand.jpg\" width=\"1920\" height=\"1080\" alt=\"\" title=\"onemile-stand\" class=\"img-responsive wp-image-980\" srcset=\"http:\/\/www.jeandavidreibel.com\/wp-content\/uploads\/2023\/07\/onemile-stand-200x113.jpg 200w, http:\/\/www.jeandavidreibel.com\/wp-content\/uploads\/2023\/07\/onemile-stand-400x225.jpg 400w, http:\/\/www.jeandavidreibel.com\/wp-content\/uploads\/2023\/07\/onemile-stand-600x338.jpg 600w, http:\/\/www.jeandavidreibel.com\/wp-content\/uploads\/2023\/07\/onemile-stand-800x450.jpg 800w, http:\/\/www.jeandavidreibel.com\/wp-content\/uploads\/2023\/07\/onemile-stand-1200x675.jpg 1200w, http:\/\/www.jeandavidreibel.com\/wp-content\/uploads\/2023\/07\/onemile-stand.jpg 1920w\" sizes=\"(max-width: 800px) 100vw, 1200px\" \/><\/span><span class=\"fusion-imageframe imageframe-none imageframe-11 hover-type-none\"><img loading=\"lazy\" decoding=\"async\" src=\"http:\/\/www.jeandavidreibel.com\/wp-content\/uploads\/2023\/07\/onemile-stand-accueil.jpg\" width=\"1920\" height=\"1080\" alt=\"\" title=\"onemile-stand-accueil\" class=\"img-responsive wp-image-982\" srcset=\"http:\/\/www.jeandavidreibel.com\/wp-content\/uploads\/2023\/07\/onemile-stand-accueil-200x113.jpg 200w, http:\/\/www.jeandavidreibel.com\/wp-content\/uploads\/2023\/07\/onemile-stand-accueil-400x225.jpg 400w, http:\/\/www.jeandavidreibel.com\/wp-content\/uploads\/2023\/07\/onemile-stand-accueil-600x338.jpg 600w, http:\/\/www.jeandavidreibel.com\/wp-content\/uploads\/2023\/07\/onemile-stand-accueil-800x450.jpg 800w, http:\/\/www.jeandavidreibel.com\/wp-content\/uploads\/2023\/07\/onemile-stand-accueil-1200x675.jpg 1200w, http:\/\/www.jeandavidreibel.com\/wp-content\/uploads\/2023\/07\/onemile-stand-accueil.jpg 1920w\" sizes=\"(max-width: 800px) 100vw, 1200px\" \/><\/span><div class=\"fusion-clearfix\"><\/div>\n\n\t\t\t\t\t<\/div>\n\t\t\t\t<\/div><\/div><\/div>\n","protected":false},"excerpt":{"rendered":"","protected":false},"author":1,"featured_media":0,"parent":405,"menu_order":0,"comment_status":"closed","ping_status":"closed","template":"","meta":{"footnotes":""},"_links":{"self":[{"href":"http:\/\/www.jeandavidreibel.com\/index.php\/wp-json\/wp\/v2\/pages\/978"}],"collection":[{"href":"http:\/\/www.jeandavidreibel.com\/index.php\/wp-json\/wp\/v2\/pages"}],"about":[{"href":"http:\/\/www.jeandavidreibel.com\/index.php\/wp-json\/wp\/v2\/types\/page"}],"author":[{"embeddable":true,"href":"http:\/\/www.jeandavidreibel.com\/index.php\/wp-json\/wp\/v2\/users\/1"}],"replies":[{"embeddable":true,"href":"http:\/\/www.jeandavidreibel.com\/index.php\/wp-json\/wp\/v2\/comments?post=978"}],"version-history":[{"count":11,"href":"http:\/\/www.jeandavidreibel.com\/index.php\/wp-json\/wp\/v2\/pages\/978\/revisions"}],"predecessor-version":[{"id":1002,"href":"http:\/\/www.jeandavidreibel.com\/index.php\/wp-json\/wp\/v2\/pages\/978\/revisions\/1002"}],"up":[{"embeddable":true,"href":"http:\/\/www.jeandavidreibel.com\/index.php\/wp-json\/wp\/v2\/pages\/405"}],"wp:attachment":[{"href":"http:\/\/www.jeandavidreibel.com\/index.php\/wp-json\/wp\/v2\/media?parent=978"}],"curies":[{"name":"wp","href":"https:\/\/api.w.org\/{rel}","templated":true}]}}